{"id":258411,"date":"2025-08-27T22:42:49","date_gmt":"2025-08-27T22:42:49","guid":{"rendered":"https:\/\/www.moostaza.com\/?page_id=258411"},"modified":"2025-09-04T02:16:46","modified_gmt":"2025-09-04T02:16:46","slug":"servicios","status":"publish","type":"page","link":"https:\/\/www.moostaza.com\/en\/servicios\/","title":{"rendered":"SERVICES"},"content":{"rendered":"<p>[et_pb_section fb_built=\u00bb1&#8243; _builder_version=\u00bb4.27.4&#8243; _module_preset=\u00bbdefault\u00bb hover_enabled=\u00bb0&#8243; global_colors_info=\u00bb{}\u00bb sticky_enabled=\u00bb0&#8243; custom_margin_last_edited=\u00bbon|phone\u00bb background_last_edited=\u00bbon|phone\u00bb title_text=\u00bb44&#8243; background_image_phone=\u00bbhttps:\/\/www.moostaza.com\/wp-content\/uploads\/2025\/09\/44.png\u00bb background_enable_image_phone=\u00bbon\u00bb background_size_phone=\u00bbcustom\u00bb background_position_phone=\u00bbbottom_center\u00bb background_image_width_phone=\u00bb107%\u00bb custom_margin_phone=\u00bb-52px||||false|false\u00bb custom_padding_last_edited=\u00bbon|phone\u00bb custom_padding_phone=\u00bb||201px||false|false\u00bb][et_pb_row _builder_version=\u00bb4.27.4&#8243; _module_preset=\u00bbdefault\u00bb custom_padding=\u00bb15px|||||\u00bb hover_enabled=\u00bb0&#8243; global_colors_info=\u00bb{}\u00bb sticky_enabled=\u00bb0&#8243;][et_pb_column type=\u00bb4_4&#8243; _builder_version=\u00bb4.27.4&#8243; _module_preset=\u00bbdefault\u00bb global_colors_info=\u00bb{}\u00bb][et_pb_image src=\u00bbhttps:\/\/www.moostaza.com\/wp-content\/uploads\/2025\/09\/icono-web-moostaza.png\u00bb title_text=\u00bbicono web moostaza\u00bb _builder_version=\u00bb4.27.4&#8243; _module_preset=\u00bbdefault\u00bb max_width=\u00bb11%\u00bb module_alignment=\u00bbcenter\u00bb hover_enabled=\u00bb0&#8243; global_colors_info=\u00bb{}\u00bb max_width_last_edited=\u00bbon|phone\u00bb max_width_phone=\u00bb38%\u00bb sticky_enabled=\u00bb0&#8243; max_width_tablet=\u00bb11%\u00bb][\/et_pb_image][et_pb_text _builder_version=\u00bb4.27.4&#8243; _module_preset=\u00bbdefault\u00bb text_font=\u00bbInter||||||||\u00bb text_font_size=\u00bb16px\u00bb text_orientation=\u00bbcenter\u00bb global_colors_info=\u00bb{}\u00bb]<\/p>\n<p>At our company, we offer comprehensive solutions that combine creativity, innovation, and technology to boost your brand. We offer a wide range of services, from graphic design, printing, and laser cutting to neon sign manufacturing, screen printing, web design, and digital marketing. Each project is developed with professionalism and attention to detail, ensuring high-quality results tailored to your business needs.<\/p>\n<p>[\/et_pb_text][\/et_pb_column][\/et_pb_row][et_pb_row column_structure=\u00bb1_6,1_6,1_6,1_6,1_6,1_6&#8243; use_custom_gutter=\u00bbon\u00bb gutter_width=\u00bb2&#8243; _builder_version=\u00bb4.27.4&#8243; _module_preset=\u00bbdefault\u00bb width=\u00bb100%\u00bb max_width=\u00bb1273px\u00bb hover_enabled=\u00bb0&#8243; global_colors_info=\u00bb{}\u00bb sticky_enabled=\u00bb0&#8243; max_width_last_edited=\u00bbon|phone\u00bb width_last_edited=\u00bbon|phone\u00bb width_phone=\u00bb37%\u00bb max_width_tablet=\u00bb1273px\u00bb max_width_phone=\u00bb1273px\u00bb width_tablet=\u00bb100%\u00bb][et_pb_column type=\u00bb1_6&#8243; _builder_version=\u00bb4.27.4&#8243; _module_preset=\u00bbdefault\u00bb hover_enabled=\u00bb0&#8243; global_colors_info=\u00bb{}\u00bb custom_padding_last_edited=\u00bbon|phone\u00bb custom_padding_phone=\u00bb||35px||false|false\u00bb sticky_enabled=\u00bb0&#8243; border_width_all_last_edited=\u00bbon|phone\u00bb border_width_all_phone=\u00bb0px\u00bb link_option_url=\u00bb@ET-DC@eyJkeW5hbWljIjp0cnVlLCJjb250ZW50IjoicG9zdF9saW5rX3VybF9wYWdlIiwic2V0dGluZ3MiOnsicG9zdF9pZCI6IjI1ODY5NiJ9fQ==@\u00bb _dynamic_attributes=\u00bblink_option_url\u00bb][et_pb_image src=\u00bbhttps:\/\/www.moostaza.com\/wp-content\/uploads\/2025\/09\/icono-diseno-grafico-1.jpg\u00bb title_text=\u00bbicono dise\u00f1o grafico\u00bb url=\u00bb@ET-DC@eyJkeW5hbWljIjp0cnVlLCJjb250ZW50IjoicG9zdF9saW5rX3VybF9wYWdlIiwic2V0dGluZ3MiOnsicG9zdF9pZCI6IjI1ODY5NiJ9fQ==@\u00bb align=\u00bbcenter\u00bb _builder_version=\u00bb4.27.4&#8243; _dynamic_attributes=\u00bburl\u00bb _module_preset=\u00bbdefault\u00bb global_colors_info=\u00bb{}\u00bb][\/et_pb_image][et_pb_text _builder_version=\u00bb4.27.4&#8243; _module_preset=\u00bbdefault\u00bb text_font=\u00bbInter||||||||\u00bb text_text_color=\u00bb#FFB014&#8243; text_font_size=\u00bb16px\u00bb text_orientation=\u00bbcenter\u00bb custom_padding=\u00bb2px||||false|false\u00bb global_colors_info=\u00bb{}\u00bb]<\/p>\n<p>GRAPHIC DESIGN<\/p>\n<p>[\/et_pb_text][\/et_pb_column][et_pb_column type=\u00bb1_6&#8243; _builder_version=\u00bb4.27.4&#8243; _module_preset=\u00bbdefault\u00bb hover_enabled=\u00bb0&#8243; global_colors_info=\u00bb{}\u00bb custom_padding_last_edited=\u00bbon|phone\u00bb custom_padding_phone=\u00bb||35px||false|false\u00bb sticky_enabled=\u00bb0&#8243; link_option_url=\u00bb@ET-DC@eyJkeW5hbWljIjp0cnVlLCJjb250ZW50IjoicG9zdF9saW5rX3VybF9wYWdlIiwic2V0dGluZ3MiOnsicG9zdF9pZCI6IjI1ODU3MyJ9fQ==@\u00bb _dynamic_attributes=\u00bblink_option_url\u00bb][et_pb_image src=\u00bbhttps:\/\/www.moostaza.com\/wp-content\/uploads\/2025\/09\/icono-laser-1.png\u00bb title_text=\u00bbicono laser 1&#8243; url=\u00bb@ET-DC@eyJkeW5hbWljIjp0cnVlLCJjb250ZW50IjoicG9zdF9saW5rX3VybF9wYWdlIiwic2V0dGluZ3MiOnsicG9zdF9pZCI6IjI1ODU3MyJ9fQ==@\u00bb align=\u00bbcenter\u00bb _builder_version=\u00bb4.27.4&#8243; _dynamic_attributes=\u00bburl\u00bb _module_preset=\u00bbdefault\u00bb global_colors_info=\u00bb{}\u00bb][\/et_pb_image][et_pb_text _builder_version=\u00bb4.27.4&#8243; _module_preset=\u00bbdefault\u00bb text_font=\u00bbInter||||||||\u00bb text_text_color=\u00bb#FFB014&#8243; text_font_size=\u00bb16px\u00bb text_orientation=\u00bbcenter\u00bb custom_padding=\u00bb2px||||false|false\u00bb global_colors_info=\u00bb{}\u00bb]<\/p>\n<p>LASER CUTTING AND ENGRAVING<\/p>\n<p>[\/et_pb_text][\/et_pb_column][et_pb_column type=\u00bb1_6&#8243; _builder_version=\u00bb4.27.4&#8243; _module_preset=\u00bbdefault\u00bb hover_enabled=\u00bb0&#8243; global_colors_info=\u00bb{}\u00bb custom_padding_last_edited=\u00bbon|phone\u00bb custom_padding_phone=\u00bb||35px||false|false\u00bb sticky_enabled=\u00bb0&#8243; link_option_url=\u00bb@ET-DC@eyJkeW5hbWljIjp0cnVlLCJjb250ZW50IjoicG9zdF9saW5rX3VybF9wYWdlIiwic2V0dGluZ3MiOnsicG9zdF9pZCI6IjI1ODcwNyJ9fQ==@\u00bb _dynamic_attributes=\u00bblink_option_url\u00bb][et_pb_image src=\u00bbhttps:\/\/www.moostaza.com\/wp-content\/uploads\/2025\/09\/icono-avisos-1.png\u00bb title_text=\u00bbicono avisos 1&#8243; url=\u00bb@ET-DC@eyJkeW5hbWljIjp0cnVlLCJjb250ZW50IjoicG9zdF9saW5rX3VybF9wYWdlIiwic2V0dGluZ3MiOnsicG9zdF9pZCI6IjI1ODcwNyJ9fQ==@\u00bb align=\u00bbcenter\u00bb _builder_version=\u00bb4.27.4&#8243; _dynamic_attributes=\u00bburl\u00bb _module_preset=\u00bbdefault\u00bb global_colors_info=\u00bb{}\u00bb][\/et_pb_image][et_pb_text _builder_version=\u00bb4.27.4&#8243; _module_preset=\u00bbdefault\u00bb text_font=\u00bbInter||||||||\u00bb text_text_color=\u00bb#FFB014&#8243; text_font_size=\u00bb16px\u00bb text_orientation=\u00bbcenter\u00bb custom_padding=\u00bb2px||||false|false\u00bb global_colors_info=\u00bb{}\u00bb]<\/p>\n<p>LIGHT SIGNALS<\/p>\n<p>[\/et_pb_text][\/et_pb_column][et_pb_column type=\u00bb1_6&#8243; _builder_version=\u00bb4.27.4&#8243; _module_preset=\u00bbdefault\u00bb hover_enabled=\u00bb0&#8243; global_colors_info=\u00bb{}\u00bb custom_padding_last_edited=\u00bbon|phone\u00bb custom_padding_phone=\u00bb||35px||false|false\u00bb sticky_enabled=\u00bb0&#8243; link_option_url=\u00bb@ET-DC@eyJkeW5hbWljIjp0cnVlLCJjb250ZW50IjoicG9zdF9saW5rX3VybF9wYWdlIiwic2V0dGluZ3MiOnsicG9zdF9pZCI6IjI1ODcxNyJ9fQ==@\u00bb _dynamic_attributes=\u00bblink_option_url\u00bb][et_pb_image src=\u00bbhttps:\/\/www.moostaza.com\/wp-content\/uploads\/2025\/09\/icono-impresion-1.png\u00bb title_text=\u00bbicono impresion 1&#8243; url=\u00bb@ET-DC@eyJkeW5hbWljIjp0cnVlLCJjb250ZW50IjoicG9zdF9saW5rX3VybF9wYWdlIiwic2V0dGluZ3MiOnsicG9zdF9pZCI6IjI1ODcxNyJ9fQ==@\u00bb align=\u00bbcenter\u00bb _builder_version=\u00bb4.27.4&#8243; _dynamic_attributes=\u00bburl\u00bb _module_preset=\u00bbdefault\u00bb global_colors_info=\u00bb{}\u00bb][\/et_pb_image][et_pb_text _builder_version=\u00bb4.27.4&#8243; _module_preset=\u00bbdefault\u00bb text_font=\u00bbInter||||||||\u00bb text_text_color=\u00bb#FFB014&#8243; text_font_size=\u00bb16px\u00bb text_orientation=\u00bbcenter\u00bb custom_padding=\u00bb2px||||false|false\u00bb global_colors_info=\u00bb{}\u00bb]<\/p>\n<p>IMPRINT<\/p>\n<p>[\/et_pb_text][\/et_pb_column][et_pb_column type=\u00bb1_6&#8243; _builder_version=\u00bb4.27.4&#8243; _module_preset=\u00bbdefault\u00bb hover_enabled=\u00bb0&#8243; global_colors_info=\u00bb{}\u00bb custom_padding_last_edited=\u00bbon|phone\u00bb custom_padding_phone=\u00bb||35px||false|false\u00bb sticky_enabled=\u00bb0&#8243; link_option_url=\u00bb@ET-DC@eyJkeW5hbWljIjp0cnVlLCJjb250ZW50IjoicG9zdF9saW5rX3VybF9wYWdlIiwic2V0dGluZ3MiOnsicG9zdF9pZCI6IjI1ODczMCJ9fQ==@\u00bb _dynamic_attributes=\u00bblink_option_url\u00bb][et_pb_image src=\u00bbhttps:\/\/www.moostaza.com\/wp-content\/uploads\/2025\/09\/icono-diseno-web-1.png\u00bb title_text=\u00bbicono dise\u00f1o web 1&#8243; url=\u00bb@ET-DC@eyJkeW5hbWljIjp0cnVlLCJjb250ZW50IjoicG9zdF9saW5rX3VybF9wYWdlIiwic2V0dGluZ3MiOnsicG9zdF9pZCI6IjI1ODczMCJ9fQ==@\u00bb align=\u00bbcenter\u00bb _builder_version=\u00bb4.27.4&#8243; _dynamic_attributes=\u00bburl\u00bb _module_preset=\u00bbdefault\u00bb global_colors_info=\u00bb{}\u00bb][\/et_pb_image][et_pb_text _builder_version=\u00bb4.27.4&#8243; _module_preset=\u00bbdefault\u00bb text_font=\u00bbInter||||||||\u00bb text_text_color=\u00bb#FFB014&#8243; text_font_size=\u00bb16px\u00bb text_orientation=\u00bbcenter\u00bb custom_padding=\u00bb2px||||false|false\u00bb global_colors_info=\u00bb{}\u00bb]<\/p>\n<p>WEB DESIGN AND DIGITAL MARKETING<\/p>\n<p>[\/et_pb_text][\/et_pb_column][et_pb_column type=\u00bb1_6&#8243; _builder_version=\u00bb4.27.4&#8243; _module_preset=\u00bbdefault\u00bb hover_enabled=\u00bb0&#8243; global_colors_info=\u00bb{}\u00bb link_option_url=\u00bb@ET-DC@eyJkeW5hbWljIjp0cnVlLCJjb250ZW50IjoicG9zdF9saW5rX3VybF9wYWdlIiwic2V0dGluZ3MiOnsicG9zdF9pZCI6IjI1ODc0MyJ9fQ==@\u00bb _dynamic_attributes=\u00bblink_option_url\u00bb sticky_enabled=\u00bb0&#8243;][et_pb_image src=\u00bbhttps:\/\/www.moostaza.com\/wp-content\/uploads\/2025\/09\/icono-screen.png\u00bb title_text=\u00bbicono screen\u00bb url=\u00bb@ET-DC@eyJkeW5hbWljIjp0cnVlLCJjb250ZW50IjoicG9zdF9saW5rX3VybF9wYWdlIiwic2V0dGluZ3MiOnsicG9zdF9pZCI6IjI1ODc0MyJ9fQ==@\u00bb align=\u00bbcenter\u00bb _builder_version=\u00bb4.27.4&#8243; _dynamic_attributes=\u00bburl\u00bb _module_preset=\u00bbdefault\u00bb global_colors_info=\u00bb{}\u00bb][\/et_pb_image][et_pb_text _builder_version=\u00bb4.27.4&#8243; _module_preset=\u00bbdefault\u00bb text_font=\u00bbInter||||||||\u00bb text_text_color=\u00bb#FFB014&#8243; text_font_size=\u00bb16px\u00bb text_orientation=\u00bbcenter\u00bb custom_padding=\u00bb2px||||false|false\u00bb global_colors_info=\u00bb{}\u00bb]<\/p>\n<p>SCREEN AND PAD PRINTING<\/p>\n<p>[\/et_pb_text][\/et_pb_column][\/et_pb_row][\/et_pb_section]<\/p>","protected":false},"excerpt":{"rendered":"<p>En nuestra empresa ofrecemos soluciones integrales que combinan creatividad, innovaci\u00f3n y tecnolog\u00eda para impulsar tu marca. Contamos con una amplia gama de servicios que van desde el dise\u00f1o gr\u00e1fico, impresi\u00f3n y corte l\u00e1ser, hasta la fabricaci\u00f3n de avisos luminosos, serigraf\u00eda, dise\u00f1o web y marketing digital. Cada proyecto es desarrollado con profesionalismo y atenci\u00f3n al detalle, [&hellip;]<\/p>","protected":false},"author":1,"featured_media":0,"parent":0,"menu_order":0,"comment_status":"closed","ping_status":"closed","template":"","meta":{"_et_pb_use_builder":"on","_et_pb_old_content":"","_et_gb_content_width":"","footnotes":""},"class_list":["post-258411","page","type-page","status-publish","hentry"],"_links":{"self":[{"href":"https:\/\/www.moostaza.com\/en\/wp-json\/wp\/v2\/pages\/258411","targetHints":{"allow":["GET"]}}],"collection":[{"href":"https:\/\/www.moostaza.com\/en\/wp-json\/wp\/v2\/pages"}],"about":[{"href":"https:\/\/www.moostaza.com\/en\/wp-json\/wp\/v2\/types\/page"}],"author":[{"embeddable":true,"href":"https:\/\/www.moostaza.com\/en\/wp-json\/wp\/v2\/users\/1"}],"replies":[{"embeddable":true,"href":"https:\/\/www.moostaza.com\/en\/wp-json\/wp\/v2\/comments?post=258411"}],"version-history":[{"count":18,"href":"https:\/\/www.moostaza.com\/en\/wp-json\/wp\/v2\/pages\/258411\/revisions"}],"predecessor-version":[{"id":258923,"href":"https:\/\/www.moostaza.com\/en\/wp-json\/wp\/v2\/pages\/258411\/revisions\/258923"}],"wp:attachment":[{"href":"https:\/\/www.moostaza.com\/en\/wp-json\/wp\/v2\/media?parent=258411"}],"curies":[{"name":"wp","href":"https:\/\/api.w.org\/{rel}","templated":true}]}}