{"id":258427,"date":"2025-08-27T22:47:24","date_gmt":"2025-08-27T22:47:24","guid":{"rendered":"https:\/\/www.moostaza.com\/?page_id=258427"},"modified":"2025-09-14T00:59:38","modified_gmt":"2025-09-14T00:59:38","slug":"contacto","status":"publish","type":"page","link":"https:\/\/www.moostaza.com\/es_es\/contacto\/","title":{"rendered":"CONTACTO"},"content":{"rendered":"<p>[et_pb_section fb_built=\u00bb1&#8243; custom_padding_last_edited=\u00bbon|phone\u00bb admin_label=\u00bbContact\u00bb _builder_version=\u00bb4.27.4&#8243; _module_preset=\u00bbdefault\u00bb background_enable_color=\u00bboff\u00bb custom_padding_tablet=\u00bb\u00bb custom_padding_phone=\u00bb15px||2px||false|false\u00bb locked=\u00bboff\u00bb global_colors_info=\u00bb{%22gcid-b6c4f12c-f25d-4f61-9fb1-6e96404634cd%22:%91%22background_color%22%93}\u00bb][et_pb_row custom_padding_last_edited=\u00bbon|phone\u00bb _builder_version=\u00bb4.27.4&#8243; _module_preset=\u00bbdefault\u00bb max_width=\u00bb1320px\u00bb custom_padding=\u00bb||11px|||\u00bb custom_padding_tablet=\u00bb||11px|||\u00bb custom_padding_phone=\u00bb||1px||false|false\u00bb global_colors_info=\u00bb{}\u00bb][et_pb_column type=\u00bb4_4&#8243; _builder_version=\u00bb4.25.2&#8243; _module_preset=\u00bbdefault\u00bb global_colors_info=\u00bb{}\u00bb][et_pb_heading title=\u00bbCont\u00e1ctanos\u00bb _builder_version=\u00bb4.27.4&#8243; _module_preset=\u00bb9ead6fc0-96ed-46eb-a6fc-dbbf2158b18f\u00bb title_font=\u00bbBaloo Bhai 2||||||||\u00bb custom_margin=\u00bb||10px||false|false\u00bb custom_padding_tablet=\u00bb\u00bb custom_padding_phone=\u00bb||1px||false|false\u00bb custom_padding_last_edited=\u00bbon|phone\u00bb title_text_color_tablet=\u00bb\u00bb title_text_color_phone=\u00bb#FFB014&#8243; title_text_color_last_edited=\u00bbon|phone\u00bb title_font_size_phone=\u00bb39px\u00bb global_colors_info=\u00bb{}\u00bb][\/et_pb_heading][\/et_pb_column][\/et_pb_row][et_pb_row column_structure=\u00bb1_2,1_2&#8243; custom_padding_last_edited=\u00bbon|phone\u00bb _builder_version=\u00bb4.27.4&#8243; _module_preset=\u00bbdefault\u00bb max_width=\u00bb1320px\u00bb custom_padding=\u00bb12px|||||\u00bb custom_padding_tablet=\u00bb12px|||||\u00bb custom_padding_phone=\u00bb5px||||false|false\u00bb global_colors_info=\u00bb{}\u00bb][et_pb_column type=\u00bb1_2&#8243; _builder_version=\u00bb4.25.2&#8243; _module_preset=\u00bbdefault\u00bb global_colors_info=\u00bb{}\u00bb][et_pb_text _builder_version=\u00bb4.27.4&#8243; _module_preset=\u00bb66ece400-8e5c-4d48-88c2-de14cade48e0&#8243; custom_padding_tablet=\u00bb\u00bb custom_padding_phone=\u00bb||31px||false|false\u00bb custom_padding_last_edited=\u00bbon|phone\u00bb global_colors_info=\u00bb{}\u00bb]<\/p>\n<p data-start=\"103\" data-end=\"412\">Estamos listos para ayudarte a llevar tu marca al siguiente nivel. Si deseas una cotizaci\u00f3n, tienes preguntas sobre nuestros servicios o simplemente quieres m\u00e1s informaci\u00f3n, no dudes en escribirnos. Nuestro equipo te responder\u00e1 lo m\u00e1s pronto posible con la mejor atenci\u00f3n personalizada.<\/p>\n<p data-start=\"414\" data-end=\"462\">\ud83d\udc49 \u00a1Hablemos hoy y hagamos realidad tus ideas!<\/p>\n<p>[\/et_pb_text][et_pb_blurb title=\u00bbUbicaci\u00f3n\u00bb use_icon=\u00bbon\u00bb font_icon=\u00bb&#xf276;||fa||900&#8243; icon_color=\u00bb#FFB014&#8243; _builder_version=\u00bb4.27.4&#8243; _module_preset=\u00bbd63de6a7-cd2e-43cf-8251-a449b7f18073&#8243; custom_padding_tablet=\u00bb\u00bb custom_padding_phone=\u00bb15px||15px||false|false\u00bb custom_padding_last_edited=\u00bbon|phone\u00bb global_colors_info=\u00bb{}\u00bb]<\/p>\n<p>2340 Lucretia Ave.<br \/>San Jose, CA 95122<\/p>\n<p>[\/et_pb_blurb][et_pb_blurb title=\u00bbLl\u00e1manos\u00bb use_icon=\u00bbon\u00bb font_icon=\u00bb&#xf10b;||fa||900&#8243; icon_color=\u00bb#FFB014&#8243; _builder_version=\u00bb4.27.4&#8243; _module_preset=\u00bbd63de6a7-cd2e-43cf-8251-a449b7f18073&#8243; custom_padding_tablet=\u00bb\u00bb custom_padding_phone=\u00bb15px||15px||false|false\u00bb custom_padding_last_edited=\u00bbon|phone\u00bb global_colors_info=\u00bb{}\u00bb]<\/p>\n<p>(407) 468-7356<\/p>\n<p>[\/et_pb_blurb][et_pb_blurb title=\u00bbEmail\u00bb use_icon=\u00bbon\u00bb font_icon=\u00bb&#xf658;||fa||900&#8243; icon_color=\u00bb#FFB014&#8243; _builder_version=\u00bb4.27.4&#8243; _module_preset=\u00bbd63de6a7-cd2e-43cf-8251-a449b7f18073&#8243; custom_padding_tablet=\u00bb\u00bb custom_padding_phone=\u00bb15px||15px||false|false\u00bb custom_padding_last_edited=\u00bbon|phone\u00bb global_colors_info=\u00bb{}\u00bb]<\/p>\n<p>info@moostaza.com<\/p>\n<p>[\/et_pb_blurb][\/et_pb_column][et_pb_column type=\u00bb1_2&#8243; _builder_version=\u00bb4.25.2&#8243; _module_preset=\u00bb4cbdaf4a-ec5e-41db-a17d-bc2e4f62e391&#8243; global_colors_info=\u00bb{}\u00bb][et_pb_contact_form captcha=\u00bboff\u00bb email=\u00bbpabloandresfonseca@gmail.com\u00bb title=\u00bbMensaje\u00bb submit_button_text=\u00bbSend\u00bb _builder_version=\u00bb4.27.4&#8243; _module_preset=\u00bba4b3847f-a7f7-4058-a2d2-1f1a3910bc0a\u00bb title_font=\u00bbBaloo Bhai 2||||||||\u00bb button_bg_color=\u00bb#7CDA24&#8243; button_border_radius=\u00bb0px\u00bb hover_enabled=\u00bb0&#8243; global_colors_info=\u00bb{%22gcid-b6c4f12c-f25d-4f61-9fb1-6e96404634cd%22:%91%22background_color%22,%22background_color%22,%22background_color%22%93,%22gcid-2bb820f4-8993-4899-8850-c73e9c1e988e%22:%91%22border_color_all%22,%22border_color_all%22%93}\u00bb button_bg_enable_color=\u00bbon\u00bb button_text_color=\u00bb#000000&#8243; sticky_enabled=\u00bb0&#8243;][et_pb_contact_field field_id=\u00bbName\u00bb field_title=\u00bbName\u00bb fullwidth_field=\u00bbon\u00bb _builder_version=\u00bb4.25.2&#8243; _module_preset=\u00bbdefault\u00bb global_colors_info=\u00bb{}\u00bb button_text_size__hover_enabled=\u00bboff\u00bb button_one_text_size__hover_enabled=\u00bboff\u00bb button_two_text_size__hover_enabled=\u00bboff\u00bb button_text_color__hover_enabled=\u00bboff\u00bb button_one_text_color__hover_enabled=\u00bboff\u00bb button_two_text_color__hover_enabled=\u00bboff\u00bb button_border_width__hover_enabled=\u00bboff\u00bb button_one_border_width__hover_enabled=\u00bboff\u00bb button_two_border_width__hover_enabled=\u00bboff\u00bb button_border_color__hover_enabled=\u00bboff\u00bb button_one_border_color__hover_enabled=\u00bboff\u00bb button_two_border_color__hover_enabled=\u00bboff\u00bb button_border_radius__hover_enabled=\u00bboff\u00bb button_one_border_radius__hover_enabled=\u00bboff\u00bb button_two_border_radius__hover_enabled=\u00bboff\u00bb button_letter_spacing__hover_enabled=\u00bboff\u00bb button_one_letter_spacing__hover_enabled=\u00bboff\u00bb button_two_letter_spacing__hover_enabled=\u00bboff\u00bb button_bg_color__hover_enabled=\u00bboff\u00bb button_one_bg_color__hover_enabled=\u00bboff\u00bb button_two_bg_color__hover_enabled=\u00bboff\u00bb][\/et_pb_contact_field][et_pb_contact_field field_id=\u00bbEmail\u00bb field_title=\u00bbEmail Address\u00bb field_type=\u00bbemail\u00bb fullwidth_field=\u00bbon\u00bb _builder_version=\u00bb4.25.2&#8243; _module_preset=\u00bbdefault\u00bb global_colors_info=\u00bb{}\u00bb button_text_size__hover_enabled=\u00bboff\u00bb button_one_text_size__hover_enabled=\u00bboff\u00bb button_two_text_size__hover_enabled=\u00bboff\u00bb button_text_color__hover_enabled=\u00bboff\u00bb button_one_text_color__hover_enabled=\u00bboff\u00bb button_two_text_color__hover_enabled=\u00bboff\u00bb button_border_width__hover_enabled=\u00bboff\u00bb button_one_border_width__hover_enabled=\u00bboff\u00bb button_two_border_width__hover_enabled=\u00bboff\u00bb button_border_color__hover_enabled=\u00bboff\u00bb button_one_border_color__hover_enabled=\u00bboff\u00bb button_two_border_color__hover_enabled=\u00bboff\u00bb button_border_radius__hover_enabled=\u00bboff\u00bb button_one_border_radius__hover_enabled=\u00bboff\u00bb button_two_border_radius__hover_enabled=\u00bboff\u00bb button_letter_spacing__hover_enabled=\u00bboff\u00bb button_one_letter_spacing__hover_enabled=\u00bboff\u00bb button_two_letter_spacing__hover_enabled=\u00bboff\u00bb button_bg_color__hover_enabled=\u00bboff\u00bb button_one_bg_color__hover_enabled=\u00bboff\u00bb button_two_bg_color__hover_enabled=\u00bboff\u00bb][\/et_pb_contact_field][et_pb_contact_field field_id=\u00bbMessage\u00bb field_title=\u00bbMessage\u00bb field_type=\u00bbtext\u00bb fullwidth_field=\u00bbon\u00bb _builder_version=\u00bb4.16&#8243; _module_preset=\u00bbdefault\u00bb global_colors_info=\u00bb{}\u00bb button_text_size__hover_enabled=\u00bboff\u00bb button_one_text_size__hover_enabled=\u00bboff\u00bb button_two_text_size__hover_enabled=\u00bboff\u00bb button_text_color__hover_enabled=\u00bboff\u00bb button_one_text_color__hover_enabled=\u00bboff\u00bb button_two_text_color__hover_enabled=\u00bboff\u00bb button_border_width__hover_enabled=\u00bboff\u00bb button_one_border_width__hover_enabled=\u00bboff\u00bb button_two_border_width__hover_enabled=\u00bboff\u00bb button_border_color__hover_enabled=\u00bboff\u00bb button_one_border_color__hover_enabled=\u00bboff\u00bb button_two_border_color__hover_enabled=\u00bboff\u00bb button_border_radius__hover_enabled=\u00bboff\u00bb button_one_border_radius__hover_enabled=\u00bboff\u00bb button_two_border_radius__hover_enabled=\u00bboff\u00bb button_letter_spacing__hover_enabled=\u00bboff\u00bb button_one_letter_spacing__hover_enabled=\u00bboff\u00bb button_two_letter_spacing__hover_enabled=\u00bboff\u00bb button_bg_color__hover_enabled=\u00bboff\u00bb button_one_bg_color__hover_enabled=\u00bboff\u00bb button_two_bg_color__hover_enabled=\u00bboff\u00bb][\/et_pb_contact_field][\/et_pb_contact_form][\/et_pb_column][\/et_pb_row][\/et_pb_section][et_pb_section fb_built=\u00bb1&#8243; custom_padding_last_edited=\u00bbon|phone\u00bb admin_label=\u00bbMap\u00bb _builder_version=\u00bb4.27.4&#8243; _module_preset=\u00bbdefault\u00bb custom_padding_tablet=\u00bb\u00bb custom_padding_phone=\u00bb2px||||false|false\u00bb global_colors_info=\u00bb{}\u00bb][et_pb_row custom_padding_last_edited=\u00bbon|phone\u00bb _builder_version=\u00bb4.27.4&#8243; _module_preset=\u00bbdefault\u00bb max_width=\u00bb1320px\u00bb custom_padding_tablet=\u00bb\u00bb custom_padding_phone=\u00bb2px||||false|false\u00bb global_colors_info=\u00bb{}\u00bb][et_pb_column type=\u00bb4_4&#8243; _builder_version=\u00bb4.25.2&#8243; _module_preset=\u00bbdefault\u00bb global_colors_info=\u00bb{}\u00bb][et_pb_code _builder_version=\u00bb4.27.4&#8243; _module_preset=\u00bbdefault\u00bb text_orientation=\u00bbcenter\u00bb width=\u00bb100%\u00bb max_width=\u00bb100%\u00bb global_colors_info=\u00bb{}\u00bb]<iframe src=\"https:\/\/www.google.com\/maps\/embed?pb=!1m18!1m12!1m3!1d6346.37607433733!2d-121.8441502237122!3d37.3143733385468!2m3!1f0!2f0!3f0!3m2!1i1024!2i768!4f13.1!3m3!1m2!1s0x808e32e9ceb3efe5%3A0x60c78c5baadefda8!2s2340%20Lucretia%20Ave%2C%20San%20Jose%2C%20CA%2095122!5e0!3m2!1ses-419!2sus!4v1756866387781!5m2!1ses-419!2sus\" width=\"1080\" height=\"450\" style=\"border:0;\" allowfullscreen=\"\" loading=\"lazy\" referrerpolicy=\"no-referrer-when-downgrade\"><\/iframe>[\/et_pb_code][\/et_pb_column][\/et_pb_row][\/et_pb_section]<\/p>\n","protected":false},"excerpt":{"rendered":"<p>Estamos listos para ayudarte a llevar tu marca al siguiente nivel. Si deseas una cotizaci\u00f3n, tienes preguntas sobre nuestros servicios o simplemente quieres m\u00e1s informaci\u00f3n, no dudes en escribirnos. Nuestro equipo te responder\u00e1 lo m\u00e1s pronto posible con la mejor atenci\u00f3n personalizada. \ud83d\udc49 \u00a1Hablemos hoy y hagamos realidad tus ideas!2340 Lucretia Ave.San Jose, CA 95122(407) [&hellip;]<\/p>\n","protected":false},"author":1,"featured_media":0,"parent":0,"menu_order":0,"comment_status":"closed","ping_status":"closed","template":"","meta":{"_et_pb_use_builder":"on","_et_pb_old_content":"","_et_gb_content_width":"","footnotes":""},"class_list":["post-258427","page","type-page","status-publish","hentry"],"_links":{"self":[{"href":"https:\/\/www.moostaza.com\/es_es\/wp-json\/wp\/v2\/pages\/258427","targetHints":{"allow":["GET"]}}],"collection":[{"href":"https:\/\/www.moostaza.com\/es_es\/wp-json\/wp\/v2\/pages"}],"about":[{"href":"https:\/\/www.moostaza.com\/es_es\/wp-json\/wp\/v2\/types\/page"}],"author":[{"embeddable":true,"href":"https:\/\/www.moostaza.com\/es_es\/wp-json\/wp\/v2\/users\/1"}],"replies":[{"embeddable":true,"href":"https:\/\/www.moostaza.com\/es_es\/wp-json\/wp\/v2\/comments?post=258427"}],"version-history":[{"count":7,"href":"https:\/\/www.moostaza.com\/es_es\/wp-json\/wp\/v2\/pages\/258427\/revisions"}],"predecessor-version":[{"id":259207,"href":"https:\/\/www.moostaza.com\/es_es\/wp-json\/wp\/v2\/pages\/258427\/revisions\/259207"}],"wp:attachment":[{"href":"https:\/\/www.moostaza.com\/es_es\/wp-json\/wp\/v2\/media?parent=258427"}],"curies":[{"name":"wp","href":"https:\/\/api.w.org\/{rel}","templated":true}]}}