{"id":258717,"date":"2025-09-02T21:35:42","date_gmt":"2025-09-02T21:35:42","guid":{"rendered":"https:\/\/www.moostaza.com\/?page_id=258717"},"modified":"2025-09-14T00:57:08","modified_gmt":"2025-09-14T00:57:08","slug":"impresion","status":"publish","type":"page","link":"https:\/\/www.moostaza.com\/es_es\/impresion\/","title":{"rendered":"IMPRESION"},"content":{"rendered":"<p>[et_pb_section fb_built=\u00bb1&#8243; custom_padding_last_edited=\u00bbon|phone\u00bb _builder_version=\u00bb4.27.4&#8243; _module_preset=\u00bbdefault\u00bb background_enable_color=\u00bboff\u00bb background_image=\u00bbhttps:\/\/www.moostaza.com\/wp-content\/uploads\/2025\/09\/offset-press-production-process-is-printing-factory-scaled.jpg\u00bb background_enable_mask_style=\u00bbon\u00bb background_mask_style=\u00bbcorner-square\u00bb background_mask_color=\u00bb#FFB014&#8243; background_mask_size=\u00bbcover\u00bb background_mask_blend_mode=\u00bbmultiply\u00bb custom_margin=\u00bb0px||0px||false|false\u00bb custom_padding=\u00bb67px||67px||false|false\u00bb custom_padding_tablet=\u00bb67px||67px||false|false\u00bb custom_padding_phone=\u00bb67px||20px||false|false\u00bb background_color_phone=\u00bbrgba(140,77,0,0.89)\u00bb background_last_edited=\u00bbon|phone\u00bb background_enable_color_phone=\u00bbon\u00bb background_blend_phone=\u00bbmultiply\u00bb background_enable_mask_style_phone=\u00bboff\u00bb global_colors_info=\u00bb{}\u00bb][et_pb_row column_structure=\u00bb3_5,2_5&#8243; custom_padding_last_edited=\u00bbon|phone\u00bb _builder_version=\u00bb4.27.4&#8243; _module_preset=\u00bbdefault\u00bb custom_padding=\u00bb8px|||||\u00bb custom_padding_tablet=\u00bb8px|||||\u00bb custom_padding_phone=\u00bb||8px||false|false\u00bb global_colors_info=\u00bb{}\u00bb][et_pb_column type=\u00bb3_5&#8243; _builder_version=\u00bb4.27.4&#8243; _module_preset=\u00bbdefault\u00bb global_colors_info=\u00bb{}\u00bb][et_pb_image src=\u00bbhttps:\/\/www.moostaza.com\/wp-content\/uploads\/2025\/08\/icono-web-moostaza-blanco-2.png\u00bb title_text=\u00bbicono web moostaza blanco 2&#8243; _builder_version=\u00bb4.27.4&#8243; _module_preset=\u00bbdefault\u00bb height=\u00bb94px\u00bb custom_margin=\u00bb||6px|||\u00bb custom_padding=\u00bb0px|||||\u00bb global_colors_info=\u00bb{}\u00bb][\/et_pb_image][et_pb_text _builder_version=\u00bb4.27.4&#8243; _module_preset=\u00bbdefault\u00bb text_font=\u00bbBaloo Bhai 2||||||||\u00bb text_text_color=\u00bb#FFFFFF\u00bb text_font_size=\u00bb55px\u00bb custom_margin=\u00bb31px|||||\u00bb custom_padding=\u00bb||35px|||\u00bb global_colors_info=\u00bb{}\u00bb]<\/p>\n<p>Impresi\u00f3n<\/p>\n<p>[\/et_pb_text][et_pb_text _builder_version=\u00bb4.27.4&#8243; _module_preset=\u00bbdefault\u00bb text_text_color=\u00bb#FFFFFF\u00bb text_font_size_tablet=\u00bb\u00bb text_font_size_phone=\u00bb16px\u00bb text_font_size_last_edited=\u00bbon|phone\u00bb global_colors_info=\u00bb{}\u00bb]<\/p>\n<p>Ofrecemos un servicio de impresi\u00f3n de alta calidad pensado para cubrir todas las necesidades de tu empresa o proyectos personales. Trabajamos con tecnolog\u00eda de \u00faltima generaci\u00f3n que garantiza colores vivos, acabados n\u00edtidos y materiales duraderos. Desde tarjetas de presentaci\u00f3n, cat\u00e1logos y brochures hasta afiches, papeler\u00eda corporativa y material publicitario, entregamos productos que transmiten profesionalismo y refuerzan la imagen de tu marca. Nuestro compromiso es brindarte resultados r\u00e1pidos, precisos y a la medida de tus objetivos.<\/p>\n<p>[\/et_pb_text][et_pb_button button_text=\u00bbCOTIZAR\u00bb _builder_version=\u00bb4.27.4&#8243; _module_preset=\u00bbdefault\u00bb custom_button=\u00bbon\u00bb button_text_size=\u00bb24px\u00bb button_text_color=\u00bb#000000&#8243; button_bg_color=\u00bb#7CDA24&#8243; button_border_color=\u00bb#FFB014&#8243; custom_margin=\u00bb24px|||||\u00bb hover_enabled=\u00bb0&#8243; global_colors_info=\u00bb{}\u00bb button_bg_enable_color=\u00bbon\u00bb button_border_width=\u00bb0px\u00bb sticky_enabled=\u00bb0&#8243;][\/et_pb_button][\/et_pb_column][et_pb_column type=\u00bb2_5&#8243; _builder_version=\u00bb4.27.4&#8243; _module_preset=\u00bbdefault\u00bb global_colors_info=\u00bb{}\u00bb][\/et_pb_column][\/et_pb_row][\/et_pb_section][et_pb_section fb_built=\u00bb1&#8243; custom_padding_last_edited=\u00bbon|phone\u00bb _builder_version=\u00bb4.27.4&#8243; _module_preset=\u00bbdefault\u00bb custom_padding_tablet=\u00bb\u00bb custom_padding_phone=\u00bb16px||1px||false|false\u00bb global_colors_info=\u00bb{}\u00bb][et_pb_row custom_padding_last_edited=\u00bbon|phone\u00bb _builder_version=\u00bb4.27.4&#8243; _module_preset=\u00bbdefault\u00bb custom_padding_tablet=\u00bb\u00bb custom_padding_phone=\u00bb||1px||false|false\u00bb global_colors_info=\u00bb{}\u00bb][et_pb_column type=\u00bb4_4&#8243; _builder_version=\u00bb4.27.4&#8243; _module_preset=\u00bbdefault\u00bb global_colors_info=\u00bb{}\u00bb][et_pb_text _builder_version=\u00bb4.27.4&#8243; _module_preset=\u00bbdefault\u00bb text_font=\u00bbBaloo Bhai 2||||||||\u00bb text_text_color=\u00bb#000000&#8243; text_font_size=\u00bb28px\u00bb text_line_height=\u00bb1em\u00bb text_text_color_tablet=\u00bb#000000&#8243; text_text_color_phone=\u00bb#FFB014&#8243; text_text_color_last_edited=\u00bbon|phone\u00bb global_colors_info=\u00bb{}\u00bb]<\/p>\n<p style=\"text-align: center;\">\u201cImprimimos tus ideas con calidad, rapidez y estilo, para que tu marca siempre destaque.\u201d<\/p>\n<p>[\/et_pb_text][\/et_pb_column][\/et_pb_row][et_pb_row column_structure=\u00bb1_3,1_3,1_3&#8243; use_custom_gutter=\u00bbon\u00bb _builder_version=\u00bb4.27.4&#8243; _module_preset=\u00bbdefault\u00bb width=\u00bb100%\u00bb width_tablet=\u00bb100%\u00bb width_phone=\u00bb80%\u00bb width_last_edited=\u00bbon|phone\u00bb max_width=\u00bb1363px\u00bb global_colors_info=\u00bb{}\u00bb][et_pb_column type=\u00bb1_3&#8243; _builder_version=\u00bb4.27.4&#8243; _module_preset=\u00bbdefault\u00bb custom_padding_tablet=\u00bb\u00bb custom_padding_phone=\u00bb||45px||false|false\u00bb custom_padding_last_edited=\u00bbon|phone\u00bb global_colors_info=\u00bb{}\u00bb][et_pb_gallery gallery_ids=\u00bb258774&#8243; posts_number=\u00bb1&#8243; show_title_and_caption=\u00bboff\u00bb show_pagination=\u00bboff\u00bb zoom_icon_color=\u00bb#FFB014&#8243; hover_overlay_color=\u00bbrgba(255,176,20,0.12)\u00bb _builder_version=\u00bb4.27.4&#8243; _module_preset=\u00bbdefault\u00bb global_colors_info=\u00bb{}\u00bb][\/et_pb_gallery][et_pb_blurb title=\u00bbIMPRESION DIGITAL\u00bb use_icon=\u00bbon\u00bb _builder_version=\u00bb4.27.4&#8243; _module_preset=\u00bbdefault\u00bb header_level=\u00bbh3&#8243; header_font=\u00bbBaloo Bhai 2||||||||\u00bb header_text_color=\u00bb#000000&#8243; header_font_size=\u00bb24px\u00bb body_font=\u00bbInter||||||||\u00bb body_line_height=\u00bb1.5em\u00bb custom_padding=\u00bb16px|12px||||\u00bb global_colors_info=\u00bb{}\u00bb]<\/p>\n<p>Ideal para tirajes cortos y personalizados con rapidez y alta calidad.<\/p>\n<p>[\/et_pb_blurb][\/et_pb_column][et_pb_column type=\u00bb1_3&#8243; _builder_version=\u00bb4.27.4&#8243; _module_preset=\u00bbdefault\u00bb custom_padding_tablet=\u00bb\u00bb custom_padding_phone=\u00bb||45px||false|false\u00bb custom_padding_last_edited=\u00bbon|phone\u00bb global_colors_info=\u00bb{}\u00bb][et_pb_gallery gallery_ids=\u00bb258775,259020,259021,259063,259064,259065,259066,259067,259068,259069&#8243; posts_number=\u00bb1&#8243; show_title_and_caption=\u00bboff\u00bb show_pagination=\u00bboff\u00bb zoom_icon_color=\u00bb#FFB014&#8243; hover_overlay_color=\u00bbrgba(255,176,20,0.12)\u00bb _builder_version=\u00bb4.27.4&#8243; _module_preset=\u00bbdefault\u00bb global_colors_info=\u00bb{}\u00bb][\/et_pb_gallery][et_pb_blurb title=\u00bbIMPRESI\u00d3N OFFSET\u00bb use_icon=\u00bbon\u00bb _builder_version=\u00bb4.27.4&#8243; _module_preset=\u00bbdefault\u00bb header_level=\u00bbh3&#8243; header_font=\u00bbBaloo Bhai 2||||||||\u00bb header_text_color=\u00bb#000000&#8243; header_font_size=\u00bb24px\u00bb body_font=\u00bbInter||||||||\u00bb body_line_height=\u00bb1.5em\u00bb custom_padding=\u00bb16px|||||\u00bb global_colors_info=\u00bb{}\u00bb]<\/p>\n<p>Perfecta para grandes vol\u00famenes, garantizando colores consistentes y costos m\u00e1s bajos por unidad.<\/p>\n<p>[\/et_pb_blurb][\/et_pb_column][et_pb_column type=\u00bb1_3&#8243; _builder_version=\u00bb4.27.4&#8243; _module_preset=\u00bbdefault\u00bb global_colors_info=\u00bb{}\u00bb][et_pb_gallery gallery_ids=\u00bb258776,259013,259012,259014,259015,259017,259016&#8243; posts_number=\u00bb1&#8243; show_title_and_caption=\u00bboff\u00bb show_pagination=\u00bboff\u00bb zoom_icon_color=\u00bb#FFB014&#8243; hover_overlay_color=\u00bbrgba(255,176,20,0.12)\u00bb _builder_version=\u00bb4.27.4&#8243; _module_preset=\u00bbdefault\u00bb global_colors_info=\u00bb{}\u00bb][\/et_pb_gallery][et_pb_blurb title=\u00bbGRAN FORMATO\u00bb use_icon=\u00bbon\u00bb _builder_version=\u00bb4.27.4&#8243; _module_preset=\u00bbdefault\u00bb header_level=\u00bbh3&#8243; header_font=\u00bbBaloo Bhai 2||||||||\u00bb header_text_color=\u00bb#000000&#8243; header_font_size=\u00bb24px\u00bb body_font=\u00bbInter||||||||\u00bb body_line_height=\u00bb1.5em\u00bb custom_padding=\u00bb16px|||||\u00bb global_colors_info=\u00bb{}\u00bb]<\/p>\n<p>Impresi\u00f3n de banners, lonas, pendones, vinilos y afiches de gran tama\u00f1o para m\u00e1xima visibilidad.<\/p>\n<p>[\/et_pb_blurb][\/et_pb_column][\/et_pb_row][et_pb_row column_structure=\u00bb1_3,1_3,1_3&#8243; use_custom_gutter=\u00bbon\u00bb _builder_version=\u00bb4.27.4&#8243; _module_preset=\u00bbdefault\u00bb width=\u00bb100%\u00bb width_tablet=\u00bb100%\u00bb width_phone=\u00bb80%\u00bb width_last_edited=\u00bbon|phone\u00bb max_width=\u00bb1363px\u00bb global_colors_info=\u00bb{}\u00bb][et_pb_column type=\u00bb1_3&#8243; _builder_version=\u00bb4.27.4&#8243; _module_preset=\u00bbdefault\u00bb custom_padding_tablet=\u00bb\u00bb custom_padding_phone=\u00bb||45px||false|false\u00bb custom_padding_last_edited=\u00bbon|phone\u00bb global_colors_info=\u00bb{}\u00bb][et_pb_gallery gallery_ids=\u00bb258778,259071,259072&#8243; posts_number=\u00bb1&#8243; show_title_and_caption=\u00bboff\u00bb show_pagination=\u00bboff\u00bb zoom_icon_color=\u00bb#FFB014&#8243; hover_overlay_color=\u00bbrgba(255,176,20,0.12)\u00bb _builder_version=\u00bb4.27.4&#8243; _module_preset=\u00bbdefault\u00bb global_colors_info=\u00bb{}\u00bb][\/et_pb_gallery][et_pb_blurb title=\u00bbPAPELER\u00cdA CORPORATIVA\u00bb use_icon=\u00bbon\u00bb _builder_version=\u00bb4.27.4&#8243; _module_preset=\u00bbdefault\u00bb header_level=\u00bbh3&#8243; header_font=\u00bbBaloo Bhai 2||||||||\u00bb header_text_color=\u00bb#000000&#8243; header_font_size=\u00bb24px\u00bb body_font=\u00bbInter||||||||\u00bb body_line_height=\u00bb1.5em\u00bb custom_padding=\u00bb16px|13px||||\u00bb global_colors_info=\u00bb{}\u00bb]<\/p>\n<p>Tarjetas de presentaci\u00f3n, membretes, sobres, carpetas y todo lo necesario para la identidad empresarial.<\/p>\n<p>[\/et_pb_blurb][\/et_pb_column][et_pb_column type=\u00bb1_3&#8243; _builder_version=\u00bb4.27.4&#8243; _module_preset=\u00bbdefault\u00bb custom_padding_tablet=\u00bb\u00bb custom_padding_phone=\u00bb||45px||false|false\u00bb custom_padding_last_edited=\u00bbon|phone\u00bb global_colors_info=\u00bb{}\u00bb][et_pb_gallery gallery_ids=\u00bb258779&#8243; posts_number=\u00bb1&#8243; show_title_and_caption=\u00bboff\u00bb show_pagination=\u00bboff\u00bb zoom_icon_color=\u00bb#FFB014&#8243; hover_overlay_color=\u00bbrgba(255,176,20,0.12)\u00bb _builder_version=\u00bb4.27.4&#8243; _module_preset=\u00bbdefault\u00bb global_colors_info=\u00bb{}\u00bb][\/et_pb_gallery][et_pb_blurb title=\u00bbMATERIAL PUBLICITARIO\u00bb use_icon=\u00bbon\u00bb _builder_version=\u00bb4.27.4&#8243; _module_preset=\u00bbdefault\u00bb header_level=\u00bbh3&#8243; header_font=\u00bbBaloo Bhai 2||||||||\u00bb header_text_color=\u00bb#000000&#8243; header_font_size=\u00bb24px\u00bb body_font=\u00bbInter||||||||\u00bb body_line_height=\u00bb1.5em\u00bb custom_margin=\u00bb|5px|||false|false\u00bb custom_padding=\u00bb16px|||||\u00bb global_colors_info=\u00bb{}\u00bb]<\/p>\n<p>Flyers, folletos, cat\u00e1logos y brochures dise\u00f1ados para promocionar productos y servicios.<\/p>\n<p>[\/et_pb_blurb][\/et_pb_column][et_pb_column type=\u00bb1_3&#8243; _builder_version=\u00bb4.27.4&#8243; _module_preset=\u00bbdefault\u00bb global_colors_info=\u00bb{}\u00bb][et_pb_gallery gallery_ids=\u00bb258780&#8243; posts_number=\u00bb1&#8243; show_title_and_caption=\u00bboff\u00bb show_pagination=\u00bboff\u00bb zoom_icon_color=\u00bb#FFB014&#8243; hover_overlay_color=\u00bbrgba(255,176,20,0.12)\u00bb _builder_version=\u00bb4.27.4&#8243; _module_preset=\u00bbdefault\u00bb global_colors_info=\u00bb{}\u00bb][\/et_pb_gallery][et_pb_blurb title=\u00bbIMPRESI\u00d3N ESPECIALIZADA\u00bb use_icon=\u00bbon\u00bb _builder_version=\u00bb4.27.4&#8243; _module_preset=\u00bbdefault\u00bb header_level=\u00bbh3&#8243; header_font=\u00bbBaloo Bhai 2||||||||\u00bb header_text_color=\u00bb#000000&#8243; header_font_size=\u00bb24px\u00bb body_font=\u00bbInter||||||||\u00bb body_line_height=\u00bb1.5em\u00bb custom_padding=\u00bb16px|||||\u00bb global_colors_info=\u00bb{}\u00bb]<\/p>\n<p>Acabados premium como laminado, barniz UV, troquelado, stamping y otros detalles que elevan la presentaci\u00f3n de tus piezas.<\/p>\n<p>[\/et_pb_blurb][\/et_pb_column][\/et_pb_row][\/et_pb_section][et_pb_section fb_built=\u00bb1&#8243; custom_padding_last_edited=\u00bbon|phone\u00bb _builder_version=\u00bb4.27.4&#8243; _module_preset=\u00bbdefault\u00bb custom_padding_tablet=\u00bb\u00bb custom_padding_phone=\u00bb1px||1px||false|false\u00bb global_colors_info=\u00bb{}\u00bb][et_pb_row column_structure=\u00bb1_5,1_5,1_5,1_5,1_5&#8243; use_custom_gutter=\u00bbon\u00bb _builder_version=\u00bb4.27.4&#8243; _module_preset=\u00bbdefault\u00bb width_tablet=\u00bb\u00bb width_phone=\u00bb39%\u00bb width_last_edited=\u00bbon|phone\u00bb global_colors_info=\u00bb{}\u00bb][et_pb_column type=\u00bb1_5&#8243; _builder_version=\u00bb4.27.4&#8243; _module_preset=\u00bbdefault\u00bb custom_padding_tablet=\u00bb\u00bb custom_padding_phone=\u00bb||45px||false|false\u00bb custom_padding_last_edited=\u00bbon|phone\u00bb global_colors_info=\u00bb{}\u00bb][et_pb_blurb title=\u00bbSOLICITUD\u00bb use_icon=\u00bbon\u00bb font_icon=\u00bb&#xe007;||divi||400&#8243; _builder_version=\u00bb4.27.4&#8243; _module_preset=\u00bbdefault\u00bb header_level=\u00bbh3&#8243; header_font=\u00bbBaloo Bhai 2||||||||\u00bb header_text_align=\u00bbcenter\u00bb body_font=\u00bbInter||||||||\u00bb body_text_align=\u00bbcenter\u00bb global_colors_info=\u00bb{}\u00bb]<\/p>\n<p>Nos envias tu idea<\/p>\n<p>[\/et_pb_blurb][\/et_pb_column][et_pb_column type=\u00bb1_5&#8243; _builder_version=\u00bb4.27.4&#8243; _module_preset=\u00bbdefault\u00bb custom_padding_tablet=\u00bb\u00bb custom_padding_phone=\u00bb||45px||false|false\u00bb custom_padding_last_edited=\u00bbon|phone\u00bb global_colors_info=\u00bb{}\u00bb][et_pb_blurb title=\u00bbREVISION\u00bb use_icon=\u00bbon\u00bb font_icon=\u00bb&#xf274;||fa||400&#8243; _builder_version=\u00bb4.27.4&#8243; _module_preset=\u00bbdefault\u00bb header_level=\u00bbh3&#8243; header_font=\u00bbBaloo Bhai 2||||||||\u00bb header_text_align=\u00bbcenter\u00bb body_font=\u00bbInter||||||||\u00bb body_text_align=\u00bbcenter\u00bb global_colors_info=\u00bb{}\u00bb]<\/p>\n<p>Validamos archivo y material<\/p>\n<p>[\/et_pb_blurb][\/et_pb_column][et_pb_column type=\u00bb1_5&#8243; _builder_version=\u00bb4.27.4&#8243; _module_preset=\u00bbdefault\u00bb custom_padding_tablet=\u00bb\u00bb custom_padding_phone=\u00bb||45px||false|false\u00bb custom_padding_last_edited=\u00bbon|phone\u00bb global_colors_info=\u00bb{}\u00bb][et_pb_blurb title=\u00bbCOTIZACI\u00d3N\u00bb use_icon=\u00bbon\u00bb font_icon=\u00bb&#xe0ed;||divi||400&#8243; _builder_version=\u00bb4.27.4&#8243; _module_preset=\u00bbdefault\u00bb header_level=\u00bbh3&#8243; header_font=\u00bbBaloo Bhai 2||||||||\u00bb header_text_align=\u00bbcenter\u00bb body_font=\u00bbInter||||||||\u00bb body_text_align=\u00bbcenter\u00bb global_colors_info=\u00bb{}\u00bb]<\/p>\n<p>Tiempo, Costos y Entrega<\/p>\n<p>[\/et_pb_blurb][\/et_pb_column][et_pb_column type=\u00bb1_5&#8243; _builder_version=\u00bb4.27.4&#8243; _module_preset=\u00bbdefault\u00bb custom_padding_tablet=\u00bb\u00bb custom_padding_phone=\u00bb||45px||false|false\u00bb custom_padding_last_edited=\u00bbon|phone\u00bb global_colors_info=\u00bb{}\u00bb][et_pb_blurb title=\u00bbPRODUCCI\u00d3N\u00bb use_icon=\u00bbon\u00bb font_icon=\u00bb&#xe02d;||divi||400&#8243; _builder_version=\u00bb4.27.4&#8243; _module_preset=\u00bbdefault\u00bb header_level=\u00bbh3&#8243; header_font=\u00bbBaloo Bhai 2||||||||\u00bb header_text_align=\u00bbcenter\u00bb body_font=\u00bbInter||||||||\u00bb body_text_align=\u00bbcenter\u00bb global_colors_info=\u00bb{}\u00bb]<\/p>\n<p>Elaboracion del pedido<\/p>\n<p>[\/et_pb_blurb][\/et_pb_column][et_pb_column type=\u00bb1_5&#8243; _builder_version=\u00bb4.27.4&#8243; _module_preset=\u00bbdefault\u00bb global_colors_info=\u00bb{}\u00bb][et_pb_blurb title=\u00bbENTREGA\u00bb use_icon=\u00bbon\u00bb font_icon=\u00bb&#xe008;||divi||400&#8243; _builder_version=\u00bb4.27.4&#8243; _module_preset=\u00bbdefault\u00bb header_level=\u00bbh3&#8243; header_font=\u00bbBaloo Bhai 2||||||||\u00bb header_text_align=\u00bbcenter\u00bb body_font=\u00bbInter||||||||\u00bb body_text_align=\u00bbcenter\u00bb global_colors_info=\u00bb{}\u00bb]<\/p>\n<p>Retiro local o Envio<\/p>\n<p>[\/et_pb_blurb][\/et_pb_column][\/et_pb_row][\/et_pb_section][et_pb_section fb_built=\u00bb1&#8243; custom_padding_last_edited=\u00bbon|phone\u00bb _builder_version=\u00bb4.27.4&#8243; _module_preset=\u00bbdefault\u00bb custom_padding_tablet=\u00bb\u00bb custom_padding_phone=\u00bb1px||||false|false\u00bb global_colors_info=\u00bb{}\u00bb][et_pb_row column_structure=\u00bb1_2,1_2&#8243; use_custom_gutter=\u00bbon\u00bb gutter_width=\u00bb2&#8243; _builder_version=\u00bb4.27.4&#8243; _module_preset=\u00bbdefault\u00bb width=\u00bb100%\u00bb width_tablet=\u00bb100%\u00bb width_phone=\u00bb80%\u00bb width_last_edited=\u00bbon|phone\u00bb max_width=\u00bb1363px\u00bb global_colors_info=\u00bb{}\u00bb][et_pb_column type=\u00bb1_2&#8243; _builder_version=\u00bb4.27.4&#8243; _module_preset=\u00bbdefault\u00bb global_colors_info=\u00bb{}\u00bb][et_pb_text _builder_version=\u00bb4.27.4&#8243; _module_preset=\u00bbdefault\u00bb text_font=\u00bbBaloo Bhai 2||||||||\u00bb text_text_color=\u00bb#171500&#8243; text_font_size=\u00bb35px\u00bb custom_padding_tablet=\u00bb\u00bb custom_padding_phone=\u00bb||15px||false|false\u00bb custom_padding_last_edited=\u00bbon|phone\u00bb text_text_color_tablet=\u00bb#171500&#8243; text_text_color_phone=\u00bb#FFB014&#8243; text_text_color_last_edited=\u00bbon|phone\u00bb text_orientation_tablet=\u00bb\u00bb text_orientation_phone=\u00bbcenter\u00bb text_orientation_last_edited=\u00bbon|phone\u00bb global_colors_info=\u00bb{}\u00bb]<\/p>\n<p>Preguntas Frecuentes<\/p>\n<p>[\/et_pb_text][et_pb_accordion _builder_version=\u00bb4.27.4&#8243; _module_preset=\u00bbdefault\u00bb toggle_font=\u00bb|600|||||||\u00bb toggle_line_height_tablet=\u00bb\u00bb toggle_line_height_phone=\u00bb1.3em\u00bb toggle_line_height_last_edited=\u00bbon|phone\u00bb border_width_all=\u00bb0px\u00bb border_color_all=\u00bbRGBA(255,255,255,0)\u00bb border_width_top=\u00bb0px\u00bb global_colors_info=\u00bb{%22gcid-53054839-b83d-4ef0-8659-8a010e6148fd%22:%91%22toggle_text_color%22,%22open_toggle_text_color%22%93}\u00bb][et_pb_accordion_item title=\u00bb\u00bfQu\u00e9 tipos de impresi\u00f3n ofrecen?\u00bb open=\u00bbon\u00bb _builder_version=\u00bb4.27.4&#8243; _module_preset=\u00bbdefault\u00bb global_colors_info=\u00bb{}\u00bb]<\/p>\n<p>Ofrecemos impresi\u00f3n digital, offset, gran formato y acabados especializados seg\u00fan las necesidades de cada cliente.<\/p>\n<p>[\/et_pb_accordion_item][et_pb_accordion_item title=\u00bb\u00bfPuedo imprimir en peque\u00f1as cantidades?\u00bb _builder_version=\u00bb4.27.4&#8243; _module_preset=\u00bbdefault\u00bb global_colors_info=\u00bb{}\u00bb open=\u00bboff\u00bb]<\/p>\n<p>S\u00ed, la impresi\u00f3n digital permite tirajes cortos y personalizados sin perder calidad.<\/p>\n<p>[\/et_pb_accordion_item][et_pb_accordion_item title=\u00bb\u00bfQu\u00e9 tipo de materiales utilizan?\u00bb _builder_version=\u00bb4.27.4&#8243; _module_preset=\u00bbdefault\u00bb global_colors_info=\u00bb{}\u00bb open=\u00bboff\u00bb]<\/p>\n<p>Trabajamos con papeles de diferentes gramajes, cartulinas, vinilos, lonas y otros materiales de alta calidad.<\/p>\n<p>[\/et_pb_accordion_item][et_pb_accordion_item title=\u00bb\u00bfRealizan tambi\u00e9n el dise\u00f1o de las piezas o solo la impresi\u00f3n?\u00bb _builder_version=\u00bb4.27.4&#8243; _module_preset=\u00bbdefault\u00bb global_colors_info=\u00bb{}\u00bb open=\u00bboff\u00bb]<\/p>\n<p>Contamos con un equipo de dise\u00f1o gr\u00e1fico que puede crear o adaptar tus piezas antes de imprimirlas.<\/p>\n<p>[\/et_pb_accordion_item][et_pb_accordion_item title=\u00bb\u00bfCu\u00e1l es el tiempo de entrega de un pedido?\u00bb _builder_version=\u00bb4.27.4&#8243; _module_preset=\u00bbdefault\u00bb global_colors_info=\u00bb{}\u00bb open=\u00bboff\u00bb]<\/p>\n<p>Depende del volumen y tipo de impresi\u00f3n. Los trabajos simples pueden estar listos en 24-48 horas, mientras que proyectos grandes pueden tardar m\u00e1s.<\/p>\n<p>[\/et_pb_accordion_item][et_pb_accordion_item title=\u00bb\u00bfHacen env\u00edos o entregas a domicilio?\u00bb _builder_version=\u00bb4.27.4&#8243; _module_preset=\u00bbdefault\u00bb global_colors_info=\u00bb{}\u00bb open=\u00bboff\u00bb]<\/p>\n<p>S\u00ed, ofrecemos servicio de entrega para mayor comodidad de nuestros clientes.<\/p>\n<p>[\/et_pb_accordion_item][et_pb_accordion_item title=\u00bb\u00bfPuedo solicitar acabados especiales?\u00bb _builder_version=\u00bb4.27.4&#8243; _module_preset=\u00bbdefault\u00bb global_colors_info=\u00bb{}\u00bb open=\u00bboff\u00bb]<\/p>\n<p>Claro, realizamos laminado, barniz UV, troquelado, stamping y otros acabados para dar un toque premium a tus impresos.<\/p>\n<p>[\/et_pb_accordion_item][et_pb_accordion_item title=\u00bb\u00bfC\u00f3mo puedo solicitar una cotizaci\u00f3n?\u00bb _builder_version=\u00bb4.27.4&#8243; _module_preset=\u00bbdefault\u00bb global_colors_info=\u00bb{}\u00bb open=\u00bboff\u00bb]<\/p>\n<p>Puedes contactarnos por nuestra p\u00e1gina web, correo electr\u00f3nico o tel\u00e9fono compartiendo los detalles de tu proyecto, y te enviaremos una propuesta personalizada.<\/p>\n<p>[\/et_pb_accordion_item][\/et_pb_accordion][\/et_pb_column][et_pb_column type=\u00bb1_2&#8243; _builder_version=\u00bb4.27.4&#8243; _module_preset=\u00bbdefault\u00bb global_colors_info=\u00bb{}\u00bb][et_pb_blurb title=\u00bb\u201c\u00bfListo para empezar? Env\u00edanos tu idea y te respondemos hoy mismo.\u201d\u00bb use_icon=\u00bbon\u00bb font_icon=\u00bb&#xe106;||divi||400&#8243; icon_placement=\u00bbleft\u00bb _builder_version=\u00bb4.27.4&#8243; _module_preset=\u00bbdefault\u00bb header_line_height=\u00bb1.5em\u00bb custom_margin=\u00bb||8px|||\u00bb custom_padding_tablet=\u00bb\u00bb custom_padding_phone=\u00bb31px||||false|false\u00bb custom_padding_last_edited=\u00bbon|phone\u00bb global_colors_info=\u00bb{}\u00bb][\/et_pb_blurb][et_pb_code _builder_version=\u00bb4.27.4&#8243; _module_preset=\u00bbdefault\u00bb transform_scale=\u00bb172%|172%\u00bb text_orientation=\u00bbcenter\u00bb width=\u00bb13%\u00bb width_tablet=\u00bb13%\u00bb width_phone=\u00bb80%\u00bb width_last_edited=\u00bbon|phone\u00bb max_width_tablet=\u00bb\u00bb max_width_phone=\u00bb30%\u00bb max_width_last_edited=\u00bbon|phone\u00bb module_alignment=\u00bbcenter\u00bb custom_margin=\u00bb|||205px||\u00bb border_width_all=\u00bb2px\u00bb border_color_all=\u00bb#FFB014&#8243; global_colors_info=\u00bb{}\u00bb]<a href=\"sms:+14074687356?&#038;body=Hola%20quiero%20m\u00e1s%20informaci\u00f3n\" class=\"btn-sms\">Enviar SMS<\/a><!-- [et_pb_line_break_holder] -->[\/et_pb_code][et_pb_button button_text=\u00bbCOTIZAR\u00bb button_alignment=\u00bbcenter\u00bb _builder_version=\u00bb4.27.4&#8243; _module_preset=\u00bbdefault\u00bb custom_button=\u00bbon\u00bb button_text_size=\u00bb24px\u00bb button_text_color=\u00bb#000000&#8243; button_bg_color=\u00bb#7CDA24&#8243; button_border_color=\u00bb#FFB014&#8243; custom_margin=\u00bb24px|||||\u00bb hover_enabled=\u00bb0&#8243; global_colors_info=\u00bb{}\u00bb button_bg_enable_color=\u00bbon\u00bb button_border_width=\u00bb0px\u00bb sticky_enabled=\u00bb0&#8243;][\/et_pb_button][et_pb_text _builder_version=\u00bb4.27.4&#8243; _module_preset=\u00bbdefault\u00bb text_font=\u00bbBaloo Bhai 2||||||||\u00bb text_text_color=\u00bb#000000&#8243; text_font_size=\u00bb30px\u00bb text_line_height=\u00bb0.2em\u00bb text_orientation=\u00bbcenter\u00bb custom_margin=\u00bb47px||57px|||\u00bb text_line_height_tablet=\u00bb0.2em\u00bb text_line_height_phone=\u00bb1em\u00bb text_line_height_last_edited=\u00bbon|phone\u00bb global_colors_info=\u00bb{}\u00bb]<\/p>\n<p>Estamos ubicados en San Jose, California<\/p>\n<p>ENVIOS A TODO EEUU<\/p>\n<p>[\/et_pb_text][et_pb_code _builder_version=\u00bb4.27.4&#8243; _module_preset=\u00bbdefault\u00bb text_orientation=\u00bbcenter\u00bb module_alignment=\u00bbcenter\u00bb global_colors_info=\u00bb{}\u00bb]<iframe src=\"https:\/\/www.google.com\/maps\/embed?pb=!1m18!1m12!1m3!1d3173.188037168665!2d-121.8441502237122!3d37.3143733385468!2m3!1f0!2f0!3f0!3m2!1i1024!2i768!4f13.1!3m3!1m2!1s0x808e32e9ceb3efe5%3A0x60c78c5baadefda8!2s2340%20Lucretia%20Ave%2C%20San%20Jose%2C%20CA%2095122!5e0!3m2!1ses-419!2sus!4v1756695789930!5m2!1ses-419!2sus\" width=\"600\" height=\"450\" style=\"border:0;\" allowfullscreen=\"\" loading=\"lazy\" referrerpolicy=\"no-referrer-when-downgrade\"><\/iframe>[\/et_pb_code][\/et_pb_column][\/et_pb_row][\/et_pb_section]<\/p>\n","protected":false},"excerpt":{"rendered":"<p>Impresi\u00f3nOfrecemos un servicio de impresi\u00f3n de alta calidad pensado para cubrir todas las necesidades de tu empresa o proyectos personales. Trabajamos con tecnolog\u00eda de \u00faltima generaci\u00f3n que garantiza colores vivos, acabados n\u00edtidos y materiales duraderos. Desde tarjetas de presentaci\u00f3n, cat\u00e1logos y brochures hasta afiches, papeler\u00eda corporativa y material publicitario, entregamos productos que transmiten profesionalismo y [&hellip;]<\/p>\n","protected":false},"author":1,"featured_media":0,"parent":0,"menu_order":0,"comment_status":"closed","ping_status":"closed","template":"","meta":{"_et_pb_use_builder":"on","_et_pb_old_content":"","_et_gb_content_width":"","footnotes":""},"class_list":["post-258717","page","type-page","status-publish","hentry"],"_links":{"self":[{"href":"https:\/\/www.moostaza.com\/es_es\/wp-json\/wp\/v2\/pages\/258717","targetHints":{"allow":["GET"]}}],"collection":[{"href":"https:\/\/www.moostaza.com\/es_es\/wp-json\/wp\/v2\/pages"}],"about":[{"href":"https:\/\/www.moostaza.com\/es_es\/wp-json\/wp\/v2\/types\/page"}],"author":[{"embeddable":true,"href":"https:\/\/www.moostaza.com\/es_es\/wp-json\/wp\/v2\/users\/1"}],"replies":[{"embeddable":true,"href":"https:\/\/www.moostaza.com\/es_es\/wp-json\/wp\/v2\/comments?post=258717"}],"version-history":[{"count":26,"href":"https:\/\/www.moostaza.com\/es_es\/wp-json\/wp\/v2\/pages\/258717\/revisions"}],"predecessor-version":[{"id":259204,"href":"https:\/\/www.moostaza.com\/es_es\/wp-json\/wp\/v2\/pages\/258717\/revisions\/259204"}],"wp:attachment":[{"href":"https:\/\/www.moostaza.com\/es_es\/wp-json\/wp\/v2\/media?parent=258717"}],"curies":[{"name":"wp","href":"https:\/\/api.w.org\/{rel}","templated":true}]}}